{"id":11841,"date":"2025-12-10T00:57:52","date_gmt":"2025-12-09T23:57:52","guid":{"rendered":"https:\/\/santraimon.cat\/politica-de-cookies-2\/"},"modified":"2025-12-10T13:01:06","modified_gmt":"2025-12-10T12:01:06","slug":"politica-de-cookies-2","status":"publish","type":"page","link":"https:\/\/santraimon.cat\/es\/politica-de-cookies-2\/","title":{"rendered":"Pol\u00edtica de cookies"},"content":{"rendered":"<p>[vc_row][vc_column][vc_column_text]El nostre lloc web<a href=\"https:\/\/santraimon.cat\/es\/\"> santraimon.cat<\/a> (el \u00abLloc Web\u00bb) utilitza una tecnologia anomenada \u00abcookies\u00bb amb la finalitat de poder demanar informaci\u00f3 sobre l&#8217;\u00fas del Lloc Web. L&#8217;informem que podem utilitzar cookies amb la finalitat de facilitar la seva navegaci\u00f3 a trav\u00e9s del Lloc Web, distingir-d&#8217;altres usuaris i analitzar els seus h\u00e0bits de navegaci\u00f3 dins del Lloc Web.<br \/>\nLa present pol\u00edtica de cookies t\u00e9 per finalitat informar de manera clara i precisa sobre les cookies que s&#8217;utilitzen en el nostre lloc web (la \u00abPol\u00edtica de Cookies\u00bb).<\/p>\n<p><strong>QU\u00c8 S\u00d3N LES COOKIES?<\/strong><br \/>\nUna cookie \u00e9s un fitxer que es descarrega al seu equip (ordinador o dispositiu m\u00f2bil) amb la finalitat d&#8217;emmagatzemar dades que podran ser actualitzats i recuperats per l&#8217;entitat responsable de la seva instal\u00b7laci\u00f3.<br \/>\nLa informaci\u00f3 recollida a trav\u00e9s de les cookies pot incloure l&#8217;adre\u00e7a IP, data i hora de visites a el Lloc Web, les p\u00e0gines visionades dins el Lloc Web, el temps que ha estat al nostre lloc web i els llocs visitats just abans i despr\u00e9s de la mateixa i altres dades de navegaci\u00f3. Aix\u00ed, les cookies permeten obtenir informaci\u00f3 sobre els seus h\u00e0bits de navegaci\u00f3.<\/p>\n<p><strong>TIPUS DE COOKIES QUE S&#8217;USEN EN EL SEU LLOC<\/strong><br \/>\nD&#8217;una banda, el titular d&#8217;aquest lloc web pot utilitzar cookies pr\u00f2pies t\u00e8cniques per a les quals no \u00e9s necess\u00e0ria l&#8217;obtenci\u00f3 del seu consentiment per estar excloses de l&#8217;\u00e0mbit d&#8217;aplicaci\u00f3 de l&#8217;article 22.2 de la Llei 34\/2002, de 11 de juliol, de serveis de la societat de la informaci\u00f3 i de comer\u00e7 electr\u00f2nic.<br \/>\nNo obstant aix\u00f2, aquest Lloc Web \u00b7 les cookies que requereixen el consentiment dels usuaris. A continuaci\u00f3 podr\u00e0 trobar la informaci\u00f3 relativa a aquestes cookies:<\/p>\n<p>Tipus de galetes que fa servir santraimon.cat:<br \/>\nUna part o la totalitat de les cookies identificades a continuaci\u00f3 es poden emmagatzemar al teu navegador.<\/p>\n<p><strong>Cookies pr\u00f2pies<\/strong><br \/>\n<strong>Cookies tecnicofuncionals:<\/strong><\/p>\n<table>\n<tbody>\n<tr>\n<td>Cookie<\/td>\n<td>Tipus<\/td>\n<td>Durada<\/td>\n<td>Descripci\u00f3<\/td>\n<\/tr>\n<tr>\n<td>PHPSESSID<\/td>\n<td>Sessi\u00f3<\/td>\n<td>Nom\u00e9s durant sessi\u00f3<\/td>\n<td>Aquesta cookie \u00e9s nativa de les aplicacions PHP. La galeta s&#8217;utilitza per emmagatzemar i identificar la identificaci\u00f3 de sessi\u00f3 \u00fanica d&#8217;un usuari amb la finalitat d&#8217;administrar la sessi\u00f3 de l&#8217;usuari en el lloc web. La cookie \u00e9s una cookiede sessi\u00f3 i s&#8217;elimina quan es tanquen totes les finestres de navegador.<\/td>\n<\/tr>\n<\/tbody>\n<\/table>\n<p><strong>Cookies de tercers.<\/strong><br \/>\n<strong>COOKIES ANAL\u00cdTIQUES<\/strong><br \/>\ns\u00f3n cookies utilitzades per a l&#8217;an\u00e0lisi, investigaci\u00f3 o estad\u00edstiques per tal de millorar l&#8217;experi\u00e8ncia de la p\u00e0gina web. Mitjan\u00e7ant l&#8217;\u00fas d&#8217;aquestes cookies es pot mostrar informaci\u00f3 m\u00e9s rellevant als visitants<\/p>\n<table>\n<tbody>\n<tr>\n<td>Cookie<\/td>\n<td>Durada<\/td>\n<td>Descripci\u00f3<\/td>\n<\/tr>\n<tr>\n<td>_ga<\/td>\n<td>2 anys<\/td>\n<td>Aquesta cookie \u00e9s instal\u00b7lada per Google Analytics. La cookie s&#8217;utilitza per calcular les dades de visitants, sessions i campanyes i fer un seguiment de l&#8217;\u00fas de el lloc per a l&#8217;informe d&#8217;an\u00e0lisi de el lloc. Les cookies emmagatzemen informaci\u00f3 de forma an\u00f2nima i assignen un nombre generat aleat\u00f2riament per identificar visitants \u00fanics.<\/td>\n<\/tr>\n<tr>\n<td>_gat<\/td>\n<td>1 minute<\/td>\n<td>Google Universal Analytics s&#8217;instal\u00b7la aquestes galetes per accelerar la taxa de sol\u00b7licitud i limitar la recopilaci\u00f3 de dades en llocs d&#8217;alt tr\u00e0nsit.<\/td>\n<\/tr>\n<tr>\n<td>_gid<\/td>\n<td>1 dia<\/td>\n<td>La cookie \u00e9s instal\u00b7lada per Google Analytics. La cookie s&#8217;utilitza per emmagatzemar informaci\u00f3 sobre com els visitants fan servir un lloc web i ajuda a crear un informe anal\u00edtic de com est\u00e0 funcionant el lloc web. Les dades recopilades, incl\u00f2s el nombre de visitants, la font d&#8217;on provenen i les p\u00e0gines, es mostren de forma an\u00f2nima.<\/td>\n<\/tr>\n<tr>\n<td>collect<\/td>\n<td>Persistente<\/td>\n<td>S&#8217;utilitza per enviar dades a Google Analytics sobre el dispositiu i el comportament del visitant. Fa un seguiment del visitant a trav\u00e9s de dispositius i canals de m\u00e0rqueting.<\/td>\n<\/tr>\n<\/tbody>\n<\/table>\n<p>Incloem a continuaci\u00f3 l&#8217;enlla\u00e7 a la p\u00e0gina web de Google on pot consultar la descripci\u00f3 de l&#8217;tipus de galetes que fa servir Google Analytics i el seu per\u00edode d&#8217;expiraci\u00f3: <a href=\"https:\/\/developers.google.com\/analytics\/devguides\/collection\/analyticsjs\/cookie-usage?hl=es\" target=\"_blank\" rel=\"noopener noreferrer\">https:\/\/developers.google.com\/analytics\/devguides\/collection\/analyticsjs\/cookie-usage?hl=es<\/a><\/p>\n<p><strong>ALTRES COOKIES<\/strong><br \/>\nD&#8217;altra banda, si interactua amb el contingut del nostre lloc web tamb\u00e9 es poden establir altres cookies de tercers (per exemple, a l&#8217;pr\u00e9mer botons de xarxes socials o visionar v\u00eddeos allotjats en un altre lloc web). Les cookies de tercers, s\u00f3n aquelles establertes per un domini diferent del nostre lloc web. No podem accedir a les dades emmagatzemades en les cookies d &#8216;altres llocs web quan navegui en els esmentats llocs web.<\/p>\n<p><strong>REBUIG I REVOCACI\u00d3 DEL CONSENTIMENT<\/strong><br \/>\nPot rebutjar l&#8217;\u00fas de cookies en aquest lloc web i revocar el seu consentiment utilitzant la seg\u00fcent eina:<\/p>\n<p><a class=\"cli_settings_button\" style=\"outline: none;\" href=\"#\">Configurar les cookies<\/a><\/p>\n<p><strong>ELIMINACI\u00d3 DE COOKIES<\/strong><br \/>\nEn qualsevol cas, l&#8217;informem que pot eliminar, bloquejar o desactivar les cookies en qualsevol moment modificant la configuraci\u00f3 del seu navegador, que li permetr\u00e0 rebutjar la instal\u00b7laci\u00f3 de totes les cookies o d&#8217;algunes d&#8217;elles. Si elimina totes les cookies d&#8217;aquest lloc web, a trav\u00e9s del seu navegador, esborrar\u00e0 tamb\u00e9 les opcions de configuraci\u00f3 que hagi triat sobre les nostres cookies (acceptaci\u00f3, rebuig o revocaci\u00f3 del seu \u00fas). A continuaci\u00f3, podr\u00e0 trobar informaci\u00f3 sobre com gestionar l&#8217;\u00fas de cookies en funci\u00f3 de el navegador utilitzat:<\/p>\n<p><strong>Firefox<\/strong><br \/>\n<a href=\"https:\/\/support.mozilla.org\/es\/kb\/habilitar-y-deshabilitar-cookies-sitios-web-rastrear-preferencias\" target=\"_blank\" rel=\"noopener noreferrer\">https:\/\/support.mozilla.org\/es\/kb\/habilitar-y-deshabilitar-cookies-sitios-web-rastrear-preferencias<\/a><br \/>\n<strong>Chrome<\/strong><br \/>\n<a href=\"https:\/\/support.google.com\/chrome\/answer\/95647?co=GENIE.Platform%3DDesktop&amp;hl=es\" target=\"_blank\" rel=\"noopener noreferrer\">https:\/\/support.google.com\/chrome\/answer\/95647?co=GENIE.Platform%3DDesktop&amp;hl=es<\/a><br \/>\n<strong>Safari<\/strong><br \/>\n<a href=\"https:\/\/support.apple.com\/es-es\/guide\/safari\/sfri11471\/mac\" target=\"_blank\" rel=\"noopener noreferrer\">https:\/\/support.apple.com\/es-es\/guide\/safari\/sfri11471\/mac<\/a><br \/>\n<strong>Internet Explorer<\/strong><br \/>\n<a href=\"https:\/\/support.microsoft.com\/es-es\/help\/17442\/windows-internet-explorer-delete-manage-cookies\" target=\"_blank\" rel=\"noopener noreferrer\">https:\/\/support.microsoft.com\/es-es\/help\/17442\/windows-internet-explorer-delete-manage-cookies<\/a><br \/>\n<strong>Microsoft Edge<\/strong><br \/>\n<a href=\"https:\/\/privacy.microsoft.com\/es-es\/windows-10-microsoft-edge-and-privacy\" target=\"_blank\" rel=\"noopener noreferrer\">https:\/\/privacy.microsoft.com\/es-es\/windows-10-microsoft-edge-and-privacy<\/a><\/p>\n<p><strong>CANVIS EN LA POL\u00cdTICA DE COOKIES<\/strong><br \/>\n\u00c9s possible que actualitzem la Pol\u00edtica de Cookies del nostre lloc web. Per aix\u00f2, li recomanem revisar aquesta pol\u00edtica cada vegada que accedeixi al nostre Lloc Web amb l&#8217;objectiu d&#8217;estar adequadament informat sobre com i per qu\u00e8 fem servir les cookies.[\/vc_column_text][\/vc_column][\/vc_row]<\/p>\n","protected":false},"excerpt":{"rendered":"<p>[vc_row][vc_column][vc_column_text]El nostre lloc web santraimon.cat (el \u00abLloc Web\u00bb) utilitza una tecnologia anomenada \u00abcookies\u00bb amb la finalitat de poder demanar informaci\u00f3 sobre l&#8217;\u00fas del Lloc Web.&hellip;<\/p>\n<p><a href=\"https:\/\/santraimon.cat\/es\/politica-de-cookies-2\/\" class=\"read-more-link\"><span class=\"read-more-icon\"><\/span>Read more<\/a><\/p>\n","protected":false},"author":899,"featured_media":11821,"parent":0,"menu_order":0,"comment_status":"closed","ping_status":"closed","template":"","meta":{"_monsterinsights_skip_tracking":false,"_monsterinsights_sitenote_active":false,"_monsterinsights_sitenote_note":"","_monsterinsights_sitenote_category":0,"footnotes":""},"_links":{"self":[{"href":"https:\/\/santraimon.cat\/es\/wp-json\/wp\/v2\/pages\/11841"}],"collection":[{"href":"https:\/\/santraimon.cat\/es\/wp-json\/wp\/v2\/pages"}],"about":[{"href":"https:\/\/santraimon.cat\/es\/wp-json\/wp\/v2\/types\/page"}],"author":[{"embeddable":true,"href":"https:\/\/santraimon.cat\/es\/wp-json\/wp\/v2\/users\/899"}],"replies":[{"embeddable":true,"href":"https:\/\/santraimon.cat\/es\/wp-json\/wp\/v2\/comments?post=11841"}],"version-history":[{"count":3,"href":"https:\/\/santraimon.cat\/es\/wp-json\/wp\/v2\/pages\/11841\/revisions"}],"predecessor-version":[{"id":11846,"href":"https:\/\/santraimon.cat\/es\/wp-json\/wp\/v2\/pages\/11841\/revisions\/11846"}],"wp:featuredmedia":[{"embeddable":true,"href":"https:\/\/santraimon.cat\/es\/wp-json\/wp\/v2\/media\/11821"}],"wp:attachment":[{"href":"https:\/\/santraimon.cat\/es\/wp-json\/wp\/v2\/media?parent=11841"}],"curies":[{"name":"wp","href":"https:\/\/api.w.org\/{rel}","templated":true}]}}