{"id":4299,"date":"2025-11-20T09:00:44","date_gmt":"2025-11-20T08:00:44","guid":{"rendered":"https:\/\/santraimon.cat\/concert-solidari\/"},"modified":"2026-01-14T16:30:40","modified_gmt":"2026-01-14T15:30:40","slug":"amadeu-maristany","status":"publish","type":"page","link":"https:\/\/santraimon.cat\/es\/amadeu-maristany\/","title":{"rendered":"Concurso de oratoria Amadeu Maristany In Memoriam 2026"},"content":{"rendered":"<p>[vc_row][vc_column][vc_column_text]<\/p>\n<h3 style=\"text-align: center;\"><span style=\"color: #66372c;\"><strong>CONCURSO DE ORATORIA AMADEU MARISTANY IN MEMORIAM 2026\u00a0<\/strong><\/span><\/h3>\n<hr \/>\n<p>El mi\u00e9rcoles <strong>21 de enero de 2026, a las 19 h<\/strong>, en el Patio de Columnas, se celebrar\u00e1 una nueva edici\u00f3n del <strong>Concurso de Oratoria Amadeu Maristany In Memoriam<\/strong>, que organiza el <strong>GAJ Barcelona<\/strong> en el marco de los actos de celebraci\u00f3n de Sant Raimon de Penyafort 2026.<\/p>\n<p>Este concurso pretende poner a prueba las dotes de oratoria de la abogac\u00eda joven del Colegio de Barcelona, valorando su sentido del humor, imaginaci\u00f3n jur\u00eddica, ingenio, habilidades ret\u00f3ricas y, en general, su formaci\u00f3n jur\u00eddica.<\/p>\n<p><a href=\"https:\/\/www.icab.cat\/.galleries\/documents-noticies\/2026-BASES-AMADEU-MARISTANY.pdf\" target=\"_blank\" rel=\"noopener\"><strong>BASES DEL CONCURSO<\/strong><\/a><\/p>\n<p>Los premios se entregar\u00e1n durante la Sesi\u00f3n Solemne 2026.<\/p>\n<p><span style=\"color: #66372c;\"><strong>Contacto, inscripciones y asistencia al acto<\/strong><\/span><\/p>\n<hr \/>\n<p>Tel. 93 601 12 80<\/p>\n<p><a href=\"mailto:advocaciajove@icab.cat\" target=\"_blank\" rel=\"noopener\">advocaciajove@icab.cat<\/a>[\/vc_column_text][\/vc_column][\/vc_row][vc_row][vc_column][om_agenda display_speakers=\u00bb\u00bb description_expand=\u00bbyes\u00bb][om_agenda_day title=\u00bbMI\u00c9RCOLES\u00bb date=\u00bb21\/01\/2026&#8243;][om_agenda_item icon_fontawesome=\u00bb\u00bb speaker_links=\u00bb\u00bb time=\u00bb19h\u00bb title=\u00bbConcurso de Oratoria Amadeu Maristany 2026&#8243; room=\u00bbPatio de Columnas\u00bb][\/om_agenda_item][\/om_agenda_day][\/om_agenda][\/vc_column][\/vc_row]<\/p>\n","protected":false},"excerpt":{"rendered":"<p>[vc_row][vc_column][vc_column_text] CONCURSO DE ORATORIA AMADEU MARISTANY IN MEMORIAM 2026\u00a0 El mi\u00e9rcoles 21 de enero de 2026, a las 19 h, en el Patio de Columnas,&hellip;<\/p>\n<p><a href=\"https:\/\/santraimon.cat\/es\/amadeu-maristany\/\" class=\"read-more-link\"><span class=\"read-more-icon\"><\/span>Read more<\/a><\/p>\n","protected":false},"author":899,"featured_media":11821,"parent":0,"menu_order":0,"comment_status":"closed","ping_status":"closed","template":"","meta":{"_monsterinsights_skip_tracking":false,"_monsterinsights_sitenote_active":false,"_monsterinsights_sitenote_note":"","_monsterinsights_sitenote_category":0,"footnotes":""},"_links":{"self":[{"href":"https:\/\/santraimon.cat\/es\/wp-json\/wp\/v2\/pages\/4299"}],"collection":[{"href":"https:\/\/santraimon.cat\/es\/wp-json\/wp\/v2\/pages"}],"about":[{"href":"https:\/\/santraimon.cat\/es\/wp-json\/wp\/v2\/types\/page"}],"author":[{"embeddable":true,"href":"https:\/\/santraimon.cat\/es\/wp-json\/wp\/v2\/users\/899"}],"replies":[{"embeddable":true,"href":"https:\/\/santraimon.cat\/es\/wp-json\/wp\/v2\/comments?post=4299"}],"version-history":[{"count":100,"href":"https:\/\/santraimon.cat\/es\/wp-json\/wp\/v2\/pages\/4299\/revisions"}],"predecessor-version":[{"id":11948,"href":"https:\/\/santraimon.cat\/es\/wp-json\/wp\/v2\/pages\/4299\/revisions\/11948"}],"wp:featuredmedia":[{"embeddable":true,"href":"https:\/\/santraimon.cat\/es\/wp-json\/wp\/v2\/media\/11821"}],"wp:attachment":[{"href":"https:\/\/santraimon.cat\/es\/wp-json\/wp\/v2\/media?parent=4299"}],"curies":[{"name":"wp","href":"https:\/\/api.w.org\/{rel}","templated":true}]}}