{"id":4309,"date":"2025-12-01T08:43:11","date_gmt":"2025-12-01T07:43:11","guid":{"rendered":"https:\/\/santraimon.cat\/lliurament-del-premi-ferrer-eguizabal-jutjar-amb-perspectiva-de-genere\/"},"modified":"2026-01-21T16:41:06","modified_gmt":"2026-01-21T15:41:06","slug":"padel","status":"publish","type":"page","link":"https:\/\/santraimon.cat\/es\/padel\/","title":{"rendered":"P\u00e1del"},"content":{"rendered":"<p>[vc_row][vc_column][vc_column_text]<\/p>\n<h3 style=\"text-align: center;\"><span style=\"color: #66372c;\"><strong>TORNEO DE P\u00c1DEL 2026 POR PAREJAS. \u00abMEMORIAL MARCOS JOVER\u00bb. PLAZAS AGOTADAS<\/strong><\/span><\/h3>\n<hr \/>\n<p>Si eres colegiado\/a y te gusta el p\u00e1del,\u00a0el <strong>viernes 30 de enero de 2026<\/strong> tienes una nueva cita con el <strong>Torneo de P\u00e1del Memorial Marcos Jover<\/strong> que el Ilustre Colegio de la Abogac\u00eda de Barcelona (ICAB) organiza en el marco de la celebraci\u00f3n de Sant Raimon de Penyafort 2025.<\/p>\n<p>Esta cita deportiva se celebrar\u00e1 a partir de las 11 horas en el <a href=\"https:\/\/www.nickpadel.com\/\" target=\"_blank\" rel=\"noopener\"><strong>Nick Club P\u00e0del Barcelona (Calle de Campoamor, 66, Horta-Guinard\u00f3).<\/strong><\/a><\/p>\n<p><strong>COMPETICI\u00d3N POR PAREJAS.<\/strong><\/p>\n<p><em>La inscripci\u00f3n confirmada incluye el uso de las pistas de p\u00e1del de 11 a 15 h, as\u00ed como una toalla por persona y avituallamiento en pista. Asimismo, incluye el acceso y uso de los vestuarios del club.<\/em><\/p>\n<p>&nbsp;<\/p>\n<p><strong>CON LA COLABORACI\u00d3N ESPECIAL DE \u00abBANCO SANTANDER\u00bb<\/strong><\/p>\n<p style=\"text-align: left;\"><span style=\"color: #66372c;\"><strong>Informaci\u00f3n<\/strong><\/span><\/p>\n<hr \/>\n<p>Tel. 93 601 13 46<\/p>\n<p><a href=\"mailto:angelica@icab.cat\" target=\"_blank\" rel=\"noopener\">angelica@icab.cat<\/a><\/p>\n<p><strong>PLAZAS AGOTADAS. ABIERTA LISTA DE ESPERA<\/strong>[\/vc_column_text][\/vc_column][\/vc_row][vc_row][vc_column][om_agenda display_speakers=\u00bb\u00bb description_expand=\u00bbyes\u00bb][om_agenda_day title=\u00bbVIERNES\u00bb date=\u00bb30\/01\/2026&#8243;][om_agenda_item icon_fontawesome=\u00bb\u00bb speaker_links=\u00bb\u00bb time=\u00bb11 h\u00bb title=\u00bbTorneo de p\u00e1del 2026. Memorial Marcos Jover.\u00bb room=\u00bbNick Club P\u00e0del Barcelona (Calle de Campoamor, 66, Horta-Guinard\u00f3)\u00bb][\/om_agenda_item][\/om_agenda_day][\/om_agenda][\/vc_column][\/vc_row]<\/p>\n","protected":false},"excerpt":{"rendered":"<p>[vc_row][vc_column][vc_column_text] TORNEO DE P\u00c1DEL 2026 POR PAREJAS. \u00abMEMORIAL MARCOS JOVER\u00bb. PLAZAS AGOTADAS Si eres colegiado\/a y te gusta el p\u00e1del,\u00a0el viernes 30 de enero de&hellip;<\/p>\n<p><a href=\"https:\/\/santraimon.cat\/es\/padel\/\" class=\"read-more-link\"><span class=\"read-more-icon\"><\/span>Read more<\/a><\/p>\n","protected":false},"author":899,"featured_media":11821,"parent":0,"menu_order":0,"comment_status":"closed","ping_status":"closed","template":"","meta":{"_monsterinsights_skip_tracking":false,"_monsterinsights_sitenote_active":false,"_monsterinsights_sitenote_note":"","_monsterinsights_sitenote_category":0,"footnotes":""},"_links":{"self":[{"href":"https:\/\/santraimon.cat\/es\/wp-json\/wp\/v2\/pages\/4309"}],"collection":[{"href":"https:\/\/santraimon.cat\/es\/wp-json\/wp\/v2\/pages"}],"about":[{"href":"https:\/\/santraimon.cat\/es\/wp-json\/wp\/v2\/types\/page"}],"author":[{"embeddable":true,"href":"https:\/\/santraimon.cat\/es\/wp-json\/wp\/v2\/users\/899"}],"replies":[{"embeddable":true,"href":"https:\/\/santraimon.cat\/es\/wp-json\/wp\/v2\/comments?post=4309"}],"version-history":[{"count":77,"href":"https:\/\/santraimon.cat\/es\/wp-json\/wp\/v2\/pages\/4309\/revisions"}],"predecessor-version":[{"id":11974,"href":"https:\/\/santraimon.cat\/es\/wp-json\/wp\/v2\/pages\/4309\/revisions\/11974"}],"wp:featuredmedia":[{"embeddable":true,"href":"https:\/\/santraimon.cat\/es\/wp-json\/wp\/v2\/media\/11821"}],"wp:attachment":[{"href":"https:\/\/santraimon.cat\/es\/wp-json\/wp\/v2\/media?parent=4309"}],"curies":[{"name":"wp","href":"https:\/\/api.w.org\/{rel}","templated":true}]}}