{"id":6745,"date":"2020-01-17T10:42:53","date_gmt":"2020-01-17T09:42:53","guid":{"rendered":"https:\/\/santraimon.cat\/?page_id=6745"},"modified":"2025-12-09T20:32:17","modified_gmt":"2025-12-09T19:32:17","slug":"condiciones-de-contratacion-y-de-privacidad","status":"publish","type":"page","link":"https:\/\/santraimon.cat\/es\/condiciones-de-contratacion-y-de-privacidad\/","title":{"rendered":"CONDICIONES DE CONTRATACI\u00d3N Y DE PRIVACIDAD"},"content":{"rendered":"<p><strong>Responsable: <\/strong>Il\u00b7lustre Col\u00b7legi de l&#8217;Advocacia de Barcelona (ICAB)<br \/>\n<strong>Finalidad:<\/strong> Gesti\u00f3n de los servicios solicitados y gesti\u00f3n de im\u00e1genes y videos con finalidad de difusi\u00f3n de la actividad<br \/>\n<strong>Ejercicio de derechos:<\/strong> Acceder, rectificar y suprimir los datos, as\u00ed como otros derechos, a trav\u00e9s de <a href=\"mailto:dpd@icab.cat\">dpd@icab.cat<\/a><\/p>\n<p><strong>INFORMACI\u00d3N ADICIONAL DE LA POL\u00cdTICA DE PROTECCI\u00d3N DE DATOS<\/strong><\/p>\n<p><strong>\u00bfQui\u00e9n es el Responsable del tratamiento de sus datos?<\/strong><\/p>\n<p><strong>Identidad:<\/strong> Ilustre Colegio de la Abogac\u00eda de Barcelona (ICAB)<br \/>\n<strong>CIF:<\/strong> Q-0863003-J<br \/>\n<strong>Direcci\u00f3n postal:<\/strong> Calle Mallorca, n.\u00ba 283, 08037 Barcelona<br \/>\n<strong>Tel\u00e9fono:<\/strong> 93 496 18 80<br \/>\n<strong>Contacto del Delegado de Protecci\u00f3n de Datos:<\/strong> <a href=\"mailto:dpd@icab.cat\">dpd@icab.cat<\/a><\/p>\n<p><strong>\u00bfCon qu\u00e9 finalidad tratamos sus datos personales?<\/strong><\/p>\n<p>El ICAB trata la informaci\u00f3n que nos facilit\u00e1is para la gesti\u00f3n de los servicios solicitados, y la difusi\u00f3n p\u00fablica del acto, dado el inter\u00e9s de este.<\/p>\n<p>Esta difusi\u00f3n se har\u00e1 mediante las redes de comunicaci\u00f3n habituales del ICAB (Web, Twitter, Facebook, LinkedIn, Instagram y Flickr)<\/p>\n<p><strong>\u00bfPor cu\u00e1nto de tiempo conservaremos sus datos?<\/strong><\/p>\n<p>Estos datos se conservan hasta el cumplimiento de las obligaciones contractuales en base a la gesti\u00f3n de los servicios solicitados o hasta que se oponga al tratamiento o revoque el consentimiento por las otras finalidades, excepto los datos que sean necesarias para cumplir con obligaciones legales y estatutarias como los plazos de prescripci\u00f3n por posibles responsabilidades legales en base al tratamiento realizado.<\/p>\n<p>Las im\u00e1genes y material videogr\u00e1fico se conservar\u00e1n para las finalidades de difusi\u00f3n y archivo hist\u00f3rico de actividades colegiales.<\/p>\n<p><strong>\u00bfCu\u00e1l es la legitimaci\u00f3n para el tratamiento de sus datos?<\/strong><\/p>\n<p>La base jur\u00eddica para el tratamiento de sus datos es la ejecuci\u00f3n del contrato de prestaci\u00f3n del servicio solicitado.<\/p>\n<p>La base jur\u00eddica para el tratamiento de las im\u00e1genes y v\u00eddeos es el consentimiento: el hecho de posar en el espacio de <em>photocall<\/em>, o dejarse fotografiar por el personal contratado para dar cobertura al acontecimiento se considera un acto afirmativo al tratamiento p\u00fablico de las im\u00e1genes.<\/p>\n<p><strong>Las categor\u00edas de datos que se tratan son:<\/strong><\/p>\n<p>Datos de identificaci\u00f3n, direcci\u00f3n postal o electr\u00f3nica y datos econ\u00f3micos y financieras, imagen y voz<\/p>\n<p><strong>\u00bfCu\u00e1les son sus derechos cuando nos facilita sus datos?<\/strong><\/p>\n<ul>\n<li>Cualquier persona tiene derecho a obtener confirmaci\u00f3n sobre si al ICAB estamos tratando datos personales que le conciernan, o no.<\/li>\n<li>Las personas interesadas tienen derecho a acceder a sus datos personales, as\u00ed como a solicitar la rectificaci\u00f3n de los datos inexactos o, si procede, solicitar su supresi\u00f3n cuando, entre otros motivos, los datos ya no sean necesarios para las finalidades que fueron recogidas.<\/li>\n<li>En determinadas circunstancias, los interesados podr\u00e1n solicitar la limitaci\u00f3n del tratamiento de sus datos, en este caso \u00fanicamente los conservaremos para el ejercicio o la defensa de reclamaciones.<\/li>\n<li>En determinadas circunstancias y por motivos relacionados con su situaci\u00f3n particular, los interesados podr\u00e1n oponerse al tratamiento de sus datos. El ICAB dejar\u00e1 de tratar los datos, excepto por motivos leg\u00edtimos imperiosos, o el ejercicio o la defensa de posibles reclamaciones.<\/li>\n<li>Los interesados podr\u00e1n solicitar la portabilidad de sus datos en apoyo automatizado a otro responsable en los supuestos de tratamientos que permite el RGPD.<\/li>\n<li>En el momento de la cancelaci\u00f3n de los datos, \u00fanicamente los conservaremos bloqueados en cumplimiento de obligaciones legales.<\/li>\n<\/ul>\n<p>Los datos que ha facilitado se tratar\u00e1n por el ICAB de acuerdo con las finalidades descritas en este documento, y en este sentido se le informa que podr\u00e1 ejercer sus derechos de acceso, rectificaci\u00f3n o supresi\u00f3n, o la limitaci\u00f3n en su tratamiento, y a oponerse al tratamiento, as\u00ed como el derecho a la portabilidad de los datos o revocar su consentimiento a la siguiente direcci\u00f3n de correo electr\u00f3nico <a href=\"mailto:dpd@icab.cat\">dpd@icab.cat<\/a>, sin perjuicio de su derecho a tambi\u00e9n a presentar una reclamaci\u00f3n ante una autoridad de control, tal como la Autoridad Catalana de Protecci\u00f3n de Datos, en\u00a0 Gran Via de les Corts Catalanes, 635, 1a planta, 08010 Barcelona, y tel\u00e9fono 935527800.<\/p>\n<p>En todo caso podr\u00e1 retirar su consentimiento en cualquier momento sin que la retirada afecte a la licitud del tratamiento basado en el consentimiento antes de su retirada.<\/p>\n<p><strong>INFORMACI\u00d3N DE LAS CONDICIONES GENERALES DE CONTRATACI\u00d3N<\/strong><\/p>\n<p><strong>Objeto<\/strong><\/p>\n<p>Las presentes condiciones generales de contrataci\u00f3n regulan la inscripci\u00f3n al acto de referencia organizado por el Ilustre Colegio de la Abogac\u00eda de Barcelona.<\/p>\n<p>El Ilustre Colegio de la Abogac\u00eda de Barcelona (en adelante, ICAB) que es una Corporaci\u00f3n de Derecho P\u00fablico con domicilio en Barcelona (Espa\u00f1a), en la calle Mallorca 283, CP 08037, es el responsable del proceso de inscripci\u00f3n, de la oferta y gesti\u00f3n contractual del acto.<\/p>\n<p><strong>Contrataci\u00f3n<\/strong><\/p>\n<p>El proceso de contrataci\u00f3n consiste en enviar sus datos de identificaci\u00f3n mediante el formulario de inscripci\u00f3n habilitado en el presente web, aceptando las condiciones de contrataci\u00f3n. Posteriormente tendr\u00e1 que seguir los pasos correspondientes al pago a trav\u00e9s de la pasarela de pago habilitada al efecto.<\/p>\n<p>Se ofrece el pago mediante tarjeta bancaria, a trav\u00e9s de la pasarela de pago segura. Los cargos se realizar\u00e1n en la cuenta asociada a la tarjeta bancaria utilizada en el momento de realizar la inscripci\u00f3n, la cual se confirmar\u00e1 en el momento de confirmar el pago.<\/p>\n<p>En caso de que el cargo no se haya podido realizar por cualquier circunstancia, no se entender\u00e1 confirmada la inscripci\u00f3n.<\/p>\n<p>Una vez finalizado el proceso de contrataci\u00f3n se le enviar\u00e1 un correo electr\u00f3nico de confirmaci\u00f3n de su inscripci\u00f3n que tendr\u00e1 que imprimir o llevar en soporte electr\u00f3nico y presentar como medio de acreditaci\u00f3n para acceder el d\u00eda del acontecimiento y en el local donde se realizar\u00e1 el acto contratado.<\/p>\n<p>El asistente es la persona que se inscriba debidamente al acto. Tendr\u00e1 que ser mayor de dieciocho (18) a\u00f1os, y tener plena capacidad de obrar para celebrar contratos vinculantes. La aceptaci\u00f3n de las presentes Condiciones Generales es condici\u00f3n necesaria para realizar la inscripci\u00f3n al acto.<\/p>\n<p>Las plazas ser\u00e1n adjudicadas por riguroso orden de inscripci\u00f3n. En caso de completar el aforo, se abrir\u00e1 una lista de espera.<\/p>\n<p>La inclusi\u00f3n en la lista de espera del acto no implica ninguna garant\u00eda de disponibilidad futura de plazas para asistir, ni comportar\u00e1 ning\u00fan pago, hasta que se realice la efectiva inscripci\u00f3n al acto, si procede. El registro ser\u00e1 por orden de inscripci\u00f3n a trav\u00e9s de los formularios habilitados a tal efecto.<\/p>\n<p>La lengua en la cual se formalizar\u00e1 el contrato ser\u00e1 en castellano, catal\u00e1n o el idioma habilitado en el web.<\/p>\n<p>Si alguna de las cl\u00e1usulas de las presentes Condiciones Generales fuera considerada nula o inaplicable, no afectar\u00e1 al resto de cl\u00e1usulas, que conservar\u00e1n toda su vigencia.<\/p>\n<p>Para cualquier duda sobre el proceso de contrataci\u00f3n, correcciones, incidencias, dudas o para cualquier asunto sobre facturaci\u00f3n puede ponerse en contacto enviando un email a icab@icab.cat<\/p>\n<p><strong>Precio<\/strong><\/p>\n<p>El indicado en el formulario de inscripci\u00f3n.<\/p>\n<p><strong>Devoluciones<\/strong><\/p>\n<p>Una vez formalizada la inscripci\u00f3n no ser\u00e1 posible la devoluci\u00f3n de las cantidades abonadas por el usuario. Por lo tanto, no poder asistir al acto no es un motivo para desistir del contrato y que se le devuelva el importe pagado.<\/p>\n<p><strong>Jurisdicci\u00f3n y legislaci\u00f3n<\/strong><\/p>\n<p>Las condiciones generales de contrataci\u00f3n se rigen por la legislaci\u00f3n espa\u00f1ola y europea aplicable. Para cualquier controversia que pudiera suscitarse en relaci\u00f3n con los servicios prestados a trav\u00e9s de este web y no est\u00e9 establecida por ley la jurisdicci\u00f3n competente, ser\u00e1n competentes los tribunales de Barcelona (Espa\u00f1a).<\/p>\n","protected":false},"excerpt":{"rendered":"<p>Responsable: Il\u00b7lustre Col\u00b7legi de l&#8217;Advocacia de Barcelona (ICAB) Finalidad: Gesti\u00f3n de los servicios solicitados y gesti\u00f3n de im\u00e1genes y videos con finalidad de difusi\u00f3n de&hellip;<\/p>\n<p><a href=\"https:\/\/santraimon.cat\/es\/condiciones-de-contratacion-y-de-privacidad\/\" class=\"read-more-link\"><span class=\"read-more-icon\"><\/span>Read more<\/a><\/p>\n","protected":false},"author":899,"featured_media":0,"parent":0,"menu_order":0,"comment_status":"closed","ping_status":"closed","template":"","meta":{"_monsterinsights_skip_tracking":false,"_monsterinsights_sitenote_active":false,"_monsterinsights_sitenote_note":"","_monsterinsights_sitenote_category":0,"footnotes":""},"_links":{"self":[{"href":"https:\/\/santraimon.cat\/es\/wp-json\/wp\/v2\/pages\/6745"}],"collection":[{"href":"https:\/\/santraimon.cat\/es\/wp-json\/wp\/v2\/pages"}],"about":[{"href":"https:\/\/santraimon.cat\/es\/wp-json\/wp\/v2\/types\/page"}],"author":[{"embeddable":true,"href":"https:\/\/santraimon.cat\/es\/wp-json\/wp\/v2\/users\/899"}],"replies":[{"embeddable":true,"href":"https:\/\/santraimon.cat\/es\/wp-json\/wp\/v2\/comments?post=6745"}],"version-history":[{"count":3,"href":"https:\/\/santraimon.cat\/es\/wp-json\/wp\/v2\/pages\/6745\/revisions"}],"predecessor-version":[{"id":11819,"href":"https:\/\/santraimon.cat\/es\/wp-json\/wp\/v2\/pages\/6745\/revisions\/11819"}],"wp:attachment":[{"href":"https:\/\/santraimon.cat\/es\/wp-json\/wp\/v2\/media?parent=6745"}],"curies":[{"name":"wp","href":"https:\/\/api.w.org\/{rel}","templated":true}]}}