{"id":795,"date":"2026-02-03T08:06:48","date_gmt":"2026-02-03T07:06:48","guid":{"rendered":"http:\/\/116.203.16.5\/srp\/?lang=es"},"modified":"2026-02-03T09:27:45","modified_gmt":"2026-02-03T08:27:45","slug":"srp-2","status":"publish","type":"page","link":"https:\/\/santraimon.cat\/es\/","title":{"rendered":"Inicio"},"content":{"rendered":"<p>[vc_row][vc_column][vc_column_text]<\/p>\n<h3 style=\"text-align: center;\"><strong><span style=\"color: #66372c;\">LA ABOGAC\u00cdA DEL CAMBIO: COMPROMETIDA CON LA TRANSFORMACI\u00d3N<\/span><\/strong><\/h3>\n<hr \/>\n<p>Uno de los honores m\u00e1s gratificantes para la actual Junta de Gobierno es la de invitaros, durante los meses de enero y febrero de 2026, a la <strong>celebraci\u00f3n de la festividad de Sant Raimon de Penyafort<\/strong>. Una oportunidad para la conmemoraci\u00f3n del patr\u00f3n de la abogac\u00eda, donde la vocaci\u00f3n y el rigor por el Derecho de nuestra querida Corporaci\u00f3n volver\u00e1 a alcanzar su m\u00e1xima expresi\u00f3n, con un <strong>programa lleno de actividades culturales, l\u00fadicas, deportivas y sociales.<\/strong><\/p>\n<p>Tambi\u00e9n ser\u00e1 un momento en el que la<strong> formaci\u00f3n volver\u00e1 a ser una de las grandes apuestas de esta casa<\/strong>, para que las personas colegiadas puedan estar a la vanguardia de los importantes cambios que se est\u00e1n produciendo en nuestro entorno. La continua adaptaci\u00f3n al conjunto de las transformaciones digitales, procesales y organizativas, especialmente cuando estas tienen la trascendencia del actual contexto normativo y c\u00edvico que vivimos, es la mejor herramienta que tenemos desde la Abogac\u00eda para reafirmar de manera constante nuestro compromiso hacia la ciudadan\u00eda.<\/p>\n<p>Con este esp\u00edritu, aprovecharemos la ocasi\u00f3n para rendir un m\u00e1s que <strong>merecido homenaje a los compa\u00f1eros y compa\u00f1eras que este a\u00f1o celebrar\u00e1n sus 25 y 50 a\u00f1os de colegiaci\u00f3n<\/strong>, asistiendo, defendiendo y, sobre todo, reivindicando la justicia a trav\u00e9s del ordenamiento jur\u00eddico. Asimismo, reconoceremos los valores del esfuerzo, la constancia y la creatividad a trav\u00e9s de los diferentes Premios y galardones que se proclamar\u00e1n y entregar\u00e1n durante los distintos actos de la festividad; incluyendo una nueva edici\u00f3n del <strong>Concurso de Oratoria Amadeu Maristany<\/strong>, a cargo del Grupo de la Abogac\u00eda Joven (GAJ).<\/p>\n<p>La Biblioteca, uno de los tesoros m\u00e1s valiosos del ICAB, volver\u00e1 a abrir sus puertas ofreci\u00e9ndonos sus tradicionales <strong>visitas guiadas<\/strong>, y las personas colegiadas podr\u00e1n disfrutar, igualmente, de <strong>distintas propuestas para seguir redescubriendo los rincones m\u00e1s significativos de Barcelona<\/strong>, como son, entre otros, la Iglesia del Pi, el Barrio Jud\u00edo y su sinagoga, la Barcino Romana o la ruta de la m\u00edtica l\u00ednea de autob\u00fas 47. Tambi\u00e9n podremos visitar diversas casas singulares y lugares emblem\u00e1ticos de la ciudad como la Casa Rocamora, la Casa Amatller o el Cementerio de Montju\u00efc.<\/p>\n<p>Volveremos a preparar las palas para el <strong>Torneo de P\u00e1del<\/strong>, y podremos deleitarnos nuevamente con el<strong> Concierto de la Coral<\/strong> y con la actuaci\u00f3n del Grupo de <strong>Teatro del ICAB<\/strong>. Y, para los m\u00e1s peque\u00f1os, el <strong>Diverticab<\/strong> de este a\u00f1o contar\u00e1 con la reconocida artista infantil<strong> D\u00e0maris Gelabert<\/strong>.<\/p>\n<p>Asimismo, y como muestra de p\u00fablica admiraci\u00f3n y respeto, participaremos en una <strong>ceremonia religiosa en recuerdo de los compa\u00f1eros y compa\u00f1eras que tristemente han fallecido\u00a0y que hoy perduran en nuestros recuerdos.<\/strong><\/p>\n<p>Y, como no podr\u00eda ser de otra manera, culminaremos con la <strong>Sesi\u00f3n Solemne<\/strong>, acompa\u00f1ados por los m\u00e1ximos representantes del mundo de la Justicia, y con la <strong>Cena de Gala que este a\u00f1o, como novedad, ser\u00e1 en JUEVES,<\/strong>\u00a0como broche de oro de una festividad en la que os esperamos con la mayor de las ilusiones a todos y a todas.<\/p>\n<p><strong>Junta de Gobierno del Colegio de la Abogac\u00eda de Barcelona<\/strong><\/p>\n<p style=\"text-align: left;\"><strong><span style=\"color: #66372c;\">#SantRaimon26<\/span><\/strong><\/p>\n<h3 style=\"text-align: center;\"><strong><span style=\"color: #66372c;\">PATROCINADORES\u00a0<\/span><\/strong><\/h3>\n<hr \/>\n<p><img loading=\"lazy\" decoding=\"async\" class=\"lazyload\" id=\"PatrosSRP26\" src=\"data:image\/gif;base64,R0lGODlhAQABAAAAACH5BAEKAAEALAAAAAABAAEAAAICTAEAOw==\" data-src=\"https:\/\/www.icab.cat\/export\/sites\/icab\/.galleries\/imatges-noticies\/PatrosSRP26-2.jpg\" alt=\"\" usemap=\"#m_Patros20SRP26\" width=\"3073\" height=\"1513\" name=\"PatrosSRP26\" border=\"0\" \/><\/p>\n<map id=\"m_Patros20SRP26\" name=\"m_Patros20SRP26\">\n<area alt=\"\" coords=\"2608,1228,2960,1380\" shape=\"rect\" href=\"https:\/\/vlex.es\/\" target=\"_blank\" \/>\n<area alt=\"\" coords=\"2088,1228,2524,1412\" shape=\"rect\" href=\"https:\/\/editorial.tirant.com\/es\/\" target=\"_blank\" \/>\n<area alt=\"\" coords=\"1472,1188,1880,1380\" shape=\"rect\" href=\"https:\/\/www.sepin.es\/home\/\" target=\"_blank\" \/>\n<area alt=\"\" coords=\"756,1188,1408,1380\" shape=\"rect\" href=\"https:\/\/www.bancosantander.es\/ca\/empresas\" target=\"_blank\" \/>\n<area alt=\"\" coords=\"144,1188,644,1380\" shape=\"rect\" href=\"https:\/\/www.bancsabadell.com\/bsnacional\/ca\/empreses\/\" target=\"_blank\" \/>\n<area alt=\"\" coords=\"2500,912,2960,1120\" shape=\"rect\" href=\"https:\/\/perits.org\/\" target=\"_blank\" \/>\n<area alt=\"\" coords=\"1688,940,2384,1064\" shape=\"rect\" href=\"https:\/\/www.mutualidad.com\/ca\/\" target=\"_blank\" \/>\n<area alt=\"\" coords=\"940,912,1572,1152\" shape=\"rect\" href=\"https:\/\/lefebvre.es\/\" target=\"_blank\" \/>\n<area alt=\"\" coords=\"116,940,668,1096\" shape=\"rect\" href=\"https:\/\/muntaudit.es\/\" target=\"_blank\" \/>\n<area alt=\"\" coords=\"2608,552,2960,784\" shape=\"rect\" href=\"https:\/\/joieriagrau.com\/\" target=\"_blank\" \/>\n<area alt=\"\" coords=\"1720,580,2272,757\" shape=\"rect\" href=\"https:\/\/www.experian.es\/index\" target=\"_blank\" \/>\n<area alt=\"\" coords=\"964,616,1508,708\" shape=\"rect\" href=\"https:\/\/www.economistjurist.es\/\" target=\"_blank\" \/>\n<area alt=\"\" coords=\"116,616,756,757\" shape=\"rect\" href=\"https:\/\/www.caixabank.cat\/particular\/home\/particulars_ca.html\" target=\"_blank\" \/>\n<area alt=\"\" coords=\"2384,208,3044,408\" shape=\"rect\" href=\"https:\/\/www.arquia.com\/es-es\/\" target=\"_blank\" \/>\n<area alt=\"\" coords=\"1720,184,2192,408\" shape=\"rect\" href=\"https:\/\/www.aranzadilaley.es\/\" target=\"_blank\" \/>\n<area alt=\"\" coords=\"1016,184,1508,408\" shape=\"rect\" href=\"https:\/\/www.aon.com\/es-es\/\" target=\"_blank\" \/>\n<area alt=\"\" coords=\"144,184,756,384\" shape=\"rect\" href=\"https:\/\/www.altermutua.com\/es\/\" target=\"_blank\" \/> <\/map>\n<p>&nbsp;<\/p>\n<p>[\/vc_column_text][\/vc_column][\/vc_row][vc_row][vc_column][vc_separator border_width=\u00bb2&#8243;][\/vc_column][\/vc_row]<\/p>\n","protected":false},"excerpt":{"rendered":"<p>[vc_row][vc_column][vc_column_text] LA ABOGAC\u00cdA DEL CAMBIO: COMPROMETIDA CON LA TRANSFORMACI\u00d3N Uno de los honores m\u00e1s gratificantes para la actual Junta de Gobierno es la de invitaros,&hellip;<\/p>\n<p><a href=\"https:\/\/santraimon.cat\/es\/\" class=\"read-more-link\"><span class=\"read-more-icon\"><\/span>Read more<\/a><\/p>\n","protected":false},"author":899,"featured_media":11821,"parent":0,"menu_order":0,"comment_status":"closed","ping_status":"closed","template":"","meta":{"_monsterinsights_skip_tracking":false,"_monsterinsights_sitenote_active":false,"_monsterinsights_sitenote_note":"","_monsterinsights_sitenote_category":0,"footnotes":""},"_links":{"self":[{"href":"https:\/\/santraimon.cat\/es\/wp-json\/wp\/v2\/pages\/795"}],"collection":[{"href":"https:\/\/santraimon.cat\/es\/wp-json\/wp\/v2\/pages"}],"about":[{"href":"https:\/\/santraimon.cat\/es\/wp-json\/wp\/v2\/types\/page"}],"author":[{"embeddable":true,"href":"https:\/\/santraimon.cat\/es\/wp-json\/wp\/v2\/users\/899"}],"replies":[{"embeddable":true,"href":"https:\/\/santraimon.cat\/es\/wp-json\/wp\/v2\/comments?post=795"}],"version-history":[{"count":150,"href":"https:\/\/santraimon.cat\/es\/wp-json\/wp\/v2\/pages\/795\/revisions"}],"predecessor-version":[{"id":12000,"href":"https:\/\/santraimon.cat\/es\/wp-json\/wp\/v2\/pages\/795\/revisions\/12000"}],"wp:featuredmedia":[{"embeddable":true,"href":"https:\/\/santraimon.cat\/es\/wp-json\/wp\/v2\/media\/11821"}],"wp:attachment":[{"href":"https:\/\/santraimon.cat\/es\/wp-json\/wp\/v2\/media?parent=795"}],"curies":[{"name":"wp","href":"https:\/\/api.w.org\/{rel}","templated":true}]}}