{"id":800,"date":"2025-11-27T08:00:33","date_gmt":"2025-11-27T07:00:33","guid":{"rendered":"http:\/\/116.203.16.5\/srp\/sessio-solemne\/?lang=es"},"modified":"2026-02-04T16:19:10","modified_gmt":"2026-02-04T15:19:10","slug":"sessio-solemne","status":"publish","type":"page","link":"https:\/\/santraimon.cat\/es\/sessio-solemne\/","title":{"rendered":"Sesi\u00f3n Solemne"},"content":{"rendered":"<p>[vc_row][vc_column][vc_column_text]<\/p>\n<h3 style=\"text-align: center;\"><strong><span style=\"color: #66372c;\">SESI\u00d3N SOLEMNE 2026<\/span><\/strong><\/h3>\n<hr \/>\n<p><strong>El jueves 5 de febrero de 2026, a las 16.30 horas,<\/strong> el Ilustre Colegio de la Abogac\u00eda de Barcelona celebrar\u00e1 la tradicional Sesi\u00f3n Solemne de San Raimon de Penyafort.<\/p>\n<p>Durante la sesi\u00f3n, se llevar\u00e1 a cabo la entrega de los siguientes Premios y Distinciones:<\/p>\n<ul>\n<li><strong>Premio Felip Portabella<\/strong>. Premio destinado a galardonar a miembros de la judicatura que se hayan distinguido especialmente en el ejercicio de su funci\u00f3n jurisdiccional por su respeto y consideraci\u00f3n hacia la abogac\u00eda y por su colaboraci\u00f3n con el ICAB.<\/li>\n<li><strong>Premio Reconciliaci\u00f3n de la Fundaci\u00f3n \u00abSant Raimon de Penyafort\u00bb<\/strong>. Premio destinado a galardonar a personas o entidades que hayan destacado por una trayectoria que exprese los valores jur\u00eddicos y sociales que promueve esta Fundaci\u00f3n que preside el decano del ICAB.<\/li>\n<li><strong>Premios del Concurso de Oratoria Amadeu Maristany para Nuevas Promociones<\/strong>. Premio que pretende poner a prueba el sentido del humor, la imaginaci\u00f3n legal, el ingenio, la destreza oratoria y la formaci\u00f3n jur\u00eddica de las nuevas promociones de abogados y abogadas.<\/li>\n<li><strong>Medallas del ICAB<\/strong>. Las Medallas del Colegio se otorgan por la Junta de Gobierno a colegiados y colegiadas del ICAB, abogados y abogadas, juristas, personalidades y entidades de la sociedad civil que hayan destacado por su trayectoria personal, profesional, colegial, institucional y social.<\/li>\n<\/ul>\n<p><span style=\"color: #66372c;\"><strong>Informaci\u00f3n<\/strong><\/span><\/p>\n<hr \/>\n<p><a href=\"mailto:srp@icab.cat\" target=\"_blank\" rel=\"noopener\">srp@icab.cat<\/a>[\/vc_column_text][\/vc_column][\/vc_row][vc_row][vc_column][om_agenda display_speakers=\u00bb\u00bb description_expand=\u00bbyes\u00bb][om_agenda_day title=\u00bbJUEVES\u00bb date=\u00bb05\/02\/2026&#8243;][om_agenda_item icon_fontawesome=\u00bb\u00bb speaker_links=\u00bb\u00bb time=\u00bb16.30 h\u00bb title=\u00bbSesi\u00f3n Solemne\u00bb room=\u00bbSal\u00f3n de Actos (Aforo limitado). Por invitaci\u00f3n\u00bb][\/om_agenda_item][\/om_agenda_day][\/om_agenda][\/vc_column][\/vc_row]<\/p>\n","protected":false},"excerpt":{"rendered":"<p>[vc_row][vc_column][vc_column_text] SESI\u00d3N SOLEMNE 2026 El jueves 5 de febrero de 2026, a las 16.30 horas, el Ilustre Colegio de la Abogac\u00eda de Barcelona celebrar\u00e1 la&hellip;<\/p>\n<p><a href=\"https:\/\/santraimon.cat\/es\/sessio-solemne\/\" class=\"read-more-link\"><span class=\"read-more-icon\"><\/span>Read more<\/a><\/p>\n","protected":false},"author":899,"featured_media":0,"parent":0,"menu_order":0,"comment_status":"closed","ping_status":"closed","template":"","meta":{"_monsterinsights_skip_tracking":false,"_monsterinsights_sitenote_active":false,"_monsterinsights_sitenote_note":"","_monsterinsights_sitenote_category":0,"footnotes":""},"_links":{"self":[{"href":"https:\/\/santraimon.cat\/es\/wp-json\/wp\/v2\/pages\/800"}],"collection":[{"href":"https:\/\/santraimon.cat\/es\/wp-json\/wp\/v2\/pages"}],"about":[{"href":"https:\/\/santraimon.cat\/es\/wp-json\/wp\/v2\/types\/page"}],"author":[{"embeddable":true,"href":"https:\/\/santraimon.cat\/es\/wp-json\/wp\/v2\/users\/899"}],"replies":[{"embeddable":true,"href":"https:\/\/santraimon.cat\/es\/wp-json\/wp\/v2\/comments?post=800"}],"version-history":[{"count":89,"href":"https:\/\/santraimon.cat\/es\/wp-json\/wp\/v2\/pages\/800\/revisions"}],"predecessor-version":[{"id":12022,"href":"https:\/\/santraimon.cat\/es\/wp-json\/wp\/v2\/pages\/800\/revisions\/12022"}],"wp:attachment":[{"href":"https:\/\/santraimon.cat\/es\/wp-json\/wp\/v2\/media?parent=800"}],"curies":[{"name":"wp","href":"https:\/\/api.w.org\/{rel}","templated":true}]}}