{"id":8113,"date":"2025-11-26T08:37:59","date_gmt":"2025-11-26T07:37:59","guid":{"rendered":"https:\/\/santraimon.cat\/conferencia-memoria-historica\/"},"modified":"2026-02-03T10:11:33","modified_gmt":"2026-02-03T09:11:33","slug":"teatre","status":"publish","type":"page","link":"https:\/\/santraimon.cat\/es\/teatre\/","title":{"rendered":"Teatro"},"content":{"rendered":"<p>[vc_row][vc_column][vc_column_text]<\/p>\n<h3 style=\"text-align: center;\"><strong><span style=\"color: #66372c;\">OBRA DE TEATRO: \u00abANTAVIANA\u00bb<\/span><\/strong><\/h3>\n<hr \/>\n<p>El Grupo de Teatro del ICAB ha escogido la obra \u00abAntaviana\u00bb para su tradicional representaci\u00f3n de Sant Raimon de Penyafort, que tendr\u00e1 lugar el <strong>viernes 30 de enero de 2026, a las 21 h<\/strong>, en el Sal\u00f3n de Actos de la sede colegial.<\/p>\n<p>Se trata de una adaptaci\u00f3n teatral basada en los relatos de Pere Calders que populariz\u00f3 la compa\u00f1\u00eda Dagoll Dagom.<\/p>\n<p>La obra, que combina comedia y drama desde un tono fresco y cercano, destaca por sus escenas breves y la presencia de un gran n\u00famero de personajes. Adem\u00e1s, el montaje incorporar\u00e1 dos o tres n\u00fameros musicales y coreogr\u00e1ficos para reforzar su car\u00e1cter m\u00e1gico y ampliar el lenguaje esc\u00e9nico.<\/p>\n<p>El objetivo del grupo es construir una pieza po\u00e9tica que conecte con el p\u00fablico, y lo haga re\u00edr y emocionarse a partes iguales. Al mismo tiempo, el proyecto busca crear un ambiente de trabajo estimulante y agradable, donde los participantes puedan disfrutar del proceso creativo, descubrir nuevas habilidades y encontrar en los ensayos un espacio de convivencia y expresi\u00f3n art\u00edstica.<\/p>\n<p>La direcci\u00f3n del montaje ir\u00e1 a cargo de David Pint\u00f3 Codinasaltas, con Albert Triola como ayudante de direcci\u00f3n. Ambos aportan una s\u00f3lida trayectoria en el \u00e1mbito teatral. Con este nuevo proyecto, el Grupo de Teatro del Colegio reafirma su compromiso con la cultura y con la creaci\u00f3n de espacios donde la abogac\u00eda tambi\u00e9n puede explorar la creatividad y el talento art\u00edstico.<\/p>\n<p><strong>AFORO LIMITADO A 296 PERSONAS.<\/strong><\/p>\n<p><strong>PRECIO DE LAS ENTRADAS: 6,05 euros (IVA INCLUIDO)<\/strong><\/p>\n<h3 style=\"text-align: left;\"><strong><span style=\"color: #66372c;\">Contacto<\/span><\/strong><\/h3>\n<hr \/>\n<p>Tel. 93 601 13 31<\/p>\n<p><a href=\"mailto:activitatssocials@icab.cat\" target=\"_blank\" rel=\"noopener\">activitatssocials@icab.cat<\/a>[\/vc_column_text][vc_btn title=\u00bbENTRADAS AGOTADAS\u00bb color=\u00bbcustom\u00bb size=\u00bbxlg\u00bb align=\u00bbcenter\u00bb i_icon_fontawesome=\u00bbfas fa-link\u00bb add_icon=\u00bbtrue\u00bb link=\u00bburl:%23||target:%20_blank|\u00bb custom_color=\u00bb#66372c\u00bb][\/vc_column][\/vc_row][vc_row][vc_column][om_agenda display_speakers=\u00bb\u00bb description_expand=\u00bbyes\u00bb][om_agenda_day title=\u00bbVIERNES\u00bb date=\u00bb30\/01\/2026&#8243;][om_agenda_item icon_fontawesome=\u00bb\u00bb speaker_links=\u00bb\u00bb time=\u00bb21 h\u00bb title=\u00bbTeatro: \u00abAntaviana\u00ab\u00bb room=\u00bbSal\u00f3n de Actos ICAB\u00bb][\/om_agenda_item][\/om_agenda_day][\/om_agenda][\/vc_column][\/vc_row]<\/p>\n","protected":false},"excerpt":{"rendered":"<p>[vc_row][vc_column][vc_column_text] OBRA DE TEATRO: \u00abANTAVIANA\u00bb El Grupo de Teatro del ICAB ha escogido la obra \u00abAntaviana\u00bb para su tradicional representaci\u00f3n de Sant Raimon de Penyafort,&hellip;<\/p>\n<p><a href=\"https:\/\/santraimon.cat\/es\/teatre\/\" class=\"read-more-link\"><span class=\"read-more-icon\"><\/span>Read more<\/a><\/p>\n","protected":false},"author":899,"featured_media":11821,"parent":0,"menu_order":0,"comment_status":"closed","ping_status":"closed","template":"","meta":{"_monsterinsights_skip_tracking":false,"_monsterinsights_sitenote_active":false,"_monsterinsights_sitenote_note":"","_monsterinsights_sitenote_category":0,"footnotes":""},"_links":{"self":[{"href":"https:\/\/santraimon.cat\/es\/wp-json\/wp\/v2\/pages\/8113"}],"collection":[{"href":"https:\/\/santraimon.cat\/es\/wp-json\/wp\/v2\/pages"}],"about":[{"href":"https:\/\/santraimon.cat\/es\/wp-json\/wp\/v2\/types\/page"}],"author":[{"embeddable":true,"href":"https:\/\/santraimon.cat\/es\/wp-json\/wp\/v2\/users\/899"}],"replies":[{"embeddable":true,"href":"https:\/\/santraimon.cat\/es\/wp-json\/wp\/v2\/comments?post=8113"}],"version-history":[{"count":77,"href":"https:\/\/santraimon.cat\/es\/wp-json\/wp\/v2\/pages\/8113\/revisions"}],"predecessor-version":[{"id":12010,"href":"https:\/\/santraimon.cat\/es\/wp-json\/wp\/v2\/pages\/8113\/revisions\/12010"}],"wp:featuredmedia":[{"embeddable":true,"href":"https:\/\/santraimon.cat\/es\/wp-json\/wp\/v2\/media\/11821"}],"wp:attachment":[{"href":"https:\/\/santraimon.cat\/es\/wp-json\/wp\/v2\/media?parent=8113"}],"curies":[{"name":"wp","href":"https:\/\/api.w.org\/{rel}","templated":true}]}}