{"id":8586,"date":"2025-12-02T08:05:24","date_gmt":"2025-12-02T07:05:24","guid":{"rendered":"https:\/\/santraimon.cat\/activitats-culturals\/"},"modified":"2026-01-21T14:50:31","modified_gmt":"2026-01-21T13:50:31","slug":"visites","status":"publish","type":"page","link":"https:\/\/santraimon.cat\/es\/visites\/","title":{"rendered":"Visitas al ICAB"},"content":{"rendered":"<p>[vc_row][vc_column][vc_column_text]<\/p>\n<h3 style=\"text-align: center;\"><strong><span style=\"color: #66372c;\">VISITAS GUIADAS AL ICAB: PALAUET CASADES Y BIBLIOTECA<\/span><\/strong><\/h3>\n<hr \/>\n<p>La\u00a0<a href=\"https:\/\/www.icab.cat\/ca\/biblioteca-centre-documentacio\/biblioteca\/\">Biblioteca del Colegio de la Abogac\u00eda de Barcelona<\/a> ha programado <strong>diferentes visitas guiadas<\/strong> para las personas colegiadas del ICAB con ocasi\u00f3n de Sant Raimon de Penyafort 2026.<\/p>\n<p>El\u00a0<strong>Palauet Casades<\/strong>, situado en plena ruta modernista, en la confluencia de las calles Mallorca y Roger de Ll\u00faria, es un edificio de estilo ecl\u00e9ctico construido en 1883. Es la sede del Colegio de la Abogac\u00eda de Barcelona desde 1923. El espacio est\u00e1 presidido por un espectacular Patio de Columnas, un oratorio y unas salas bellamente decoradas.<\/p>\n<p>Tambi\u00e9n acoge la\u00a0Biblioteca colegial, que est\u00e1 especializada en Ciencias Jur\u00eddicas y est\u00e1 considerada como una de las bibliotecas jur\u00eddicas privadas m\u00e1s importantes de Europa, con m\u00e1s de 350.000 vol\u00famenes y 11 km de estanter\u00edas.<\/p>\n<p>Durante Sant Raimon 2026 se han programado tres visitas guiadas al Palauet Casades ya la Biblioteca del Colegio de la Abogac\u00eda de Barcelona<strong> los d\u00edas 27 y 29 de enero en diferentes horarios.<\/strong><\/p>\n<p><strong>* Aforo limitado a 20 personas por visita. Punto de encuentro: Antesala\u00a0 de la Biblioteca del ICAB.\u00a0<\/strong><\/p>\n<hr \/>\n<h3 style=\"text-align: left;\"><span style=\"color: #66372c;\"><strong>Contacto<\/strong><\/span><\/h3>\n<p>Tel. 93 601 12 60<\/p>\n<p><a href=\"mailto:biblioteca@icab.cat\" target=\"_blank\" rel=\"noopener\">biblioteca@icab.cat<\/a>[\/vc_column_text][\/vc_column][\/vc_row][vc_row][vc_column][vc_btn title=\u00bbSOLICITUD DE ENTRADAS\u00bb color=\u00bbcustom\u00bb size=\u00bbxlg\u00bb align=\u00bbcenter\u00bb i_type=\u00bbentypo\u00bb i_icon_entypo=\u00bbentypo-icon entypo-icon-link\u00bb add_icon=\u00bbtrue\u00bb link=\u00bburl:https%3A%2F%2Fdocs.google.com%2Fforms%2Fd%2Fe%2F1FAIpQLSebT27EJwWQh-u9oUcn9Njb8lF6DtLaNKTbBDTmHSb_nEoocQ%2Fviewform%3Fusp%3Dheader|title:SOL%C2%B7LICITUD%20D&#8217;ENTRADES|target:%20_blank|\u00bb custom_color=\u00bb#66372c\u00bb][\/vc_column][\/vc_row][vc_row][vc_column][om_agenda display_speakers=\u00bb\u00bb description_expand=\u00bbyes\u00bb][om_agenda_day title=\u00bbMARTES\u00bb date=\u00bb27\/01\/2026&#8243;][om_agenda_item icon_fontawesome=\u00bb\u00bb speaker_links=\u00bb\u00bb time=\u00bbDe 12 a 13h\u00bb title=\u00bbVisita guiada al ICAB\u00bb room=\u00bbAntesala de la Biblioteca ICAB\u00bb][\/om_agenda_item][\/om_agenda_day][\/om_agenda][\/vc_column][\/vc_row][vc_row][vc_column][om_agenda display_speakers=\u00bb\u00bb description_expand=\u00bbyes\u00bb][om_agenda_day title=\u00bbMARTES\u00bb date=\u00bb27\/01\/2026&#8243;][om_agenda_item icon_fontawesome=\u00bb\u00bb speaker_links=\u00bb\u00bb time=\u00bbDe 18 a 19h\u00bb title=\u00bbVisita guiada al ICAB &#8211; PLAZAS AGOTADAS\u00bb room=\u00bbAntesala de la Biblioteca ICAB\u00bb][\/om_agenda_item][\/om_agenda_day][\/om_agenda][vc_separator color=\u00bbwhite\u00bb border_width=\u00bb10&#8243;][\/vc_column][\/vc_row][vc_row][vc_column][om_agenda display_speakers=\u00bb\u00bb description_expand=\u00bbyes\u00bb][om_agenda_day title=\u00bbJUEVES\u00bb date=\u00bb29\/01\/2026&#8243;][om_agenda_item icon_fontawesome=\u00bb\u00bb speaker_links=\u00bb\u00bb time=\u00bbDe 12 a 13h\u00bb title=\u00bbVisita guiada al ICAB\u00bb room=\u00bbAntesala de la Biblioteca ICAB\u00bb][\/om_agenda_item][\/om_agenda_day][\/om_agenda][\/vc_column][\/vc_row][vc_column][\/vc_column]<\/p>\n","protected":false},"excerpt":{"rendered":"<p>[vc_row][vc_column][vc_column_text] VISITAS GUIADAS AL ICAB: PALAUET CASADES Y BIBLIOTECA La\u00a0Biblioteca del Colegio de la Abogac\u00eda de Barcelona ha programado diferentes visitas guiadas para las personas&hellip;<\/p>\n<p><a href=\"https:\/\/santraimon.cat\/es\/visites\/\" class=\"read-more-link\"><span class=\"read-more-icon\"><\/span>Read more<\/a><\/p>\n","protected":false},"author":899,"featured_media":11821,"parent":0,"menu_order":0,"comment_status":"closed","ping_status":"closed","template":"","meta":{"_monsterinsights_skip_tracking":false,"_monsterinsights_sitenote_active":false,"_monsterinsights_sitenote_note":"","_monsterinsights_sitenote_category":0,"footnotes":""},"_links":{"self":[{"href":"https:\/\/santraimon.cat\/es\/wp-json\/wp\/v2\/pages\/8586"}],"collection":[{"href":"https:\/\/santraimon.cat\/es\/wp-json\/wp\/v2\/pages"}],"about":[{"href":"https:\/\/santraimon.cat\/es\/wp-json\/wp\/v2\/types\/page"}],"author":[{"embeddable":true,"href":"https:\/\/santraimon.cat\/es\/wp-json\/wp\/v2\/users\/899"}],"replies":[{"embeddable":true,"href":"https:\/\/santraimon.cat\/es\/wp-json\/wp\/v2\/comments?post=8586"}],"version-history":[{"count":77,"href":"https:\/\/santraimon.cat\/es\/wp-json\/wp\/v2\/pages\/8586\/revisions"}],"predecessor-version":[{"id":11970,"href":"https:\/\/santraimon.cat\/es\/wp-json\/wp\/v2\/pages\/8586\/revisions\/11970"}],"wp:featuredmedia":[{"embeddable":true,"href":"https:\/\/santraimon.cat\/es\/wp-json\/wp\/v2\/media\/11821"}],"wp:attachment":[{"href":"https:\/\/santraimon.cat\/es\/wp-json\/wp\/v2\/media?parent=8586"}],"curies":[{"name":"wp","href":"https:\/\/api.w.org\/{rel}","templated":true}]}}