{"id":910,"date":"2025-11-24T08:15:49","date_gmt":"2025-11-24T07:15:49","guid":{"rendered":"http:\/\/116.203.16.5\/fbe\/?lang=es"},"modified":"2026-02-03T10:53:12","modified_gmt":"2026-02-03T09:53:12","slug":"25anys","status":"publish","type":"page","link":"https:\/\/santraimon.cat\/es\/25anys\/","title":{"rendered":"50 y 25 a\u00f1os"},"content":{"rendered":"<p>[vc_row][vc_column][vc_column_text]<\/p>\n<h3 style=\"text-align: center;\"><span style=\"color: #66372c;\"><strong>HOMENAJE Y ENTREGA DE DIPLOMAS A LOS COMPA\u00d1EROS Y <\/strong><\/span><span style=\"color: #66372c;\"><strong>COMPA\u00d1ERAS QUE HAN CUMPLIDO 50 A\u00d1OS DE COLEGIACI\u00d3N<\/strong><\/span><\/h3>\n<hr \/>\n<p>El Ilustre Colegio de la Abogac\u00eda de Barcelona tambi\u00e9n rendir\u00e1 homenaje a aquellos compa\u00f1eros y compa\u00f1eras que celebran los 50 a\u00f1os de colegiaci\u00f3n el d\u00eda <strong>3 de febrero del 2026, a las 18 h<\/strong>, en el Sal\u00f3n de Actos de la sede colegial.<\/p>\n<p>Durante la sesi\u00f3n, se realizar\u00e1 la entrega del siguiente Premio:<\/p>\n<ul>\n<li><strong>Premio \u00abMemorial Deg\u00e0 Roda i Ventura\u00bb<\/strong>. Premio destinado a galardonar los mejores trabajos que versen sobre colegios profesionales y el ejercicio de las profesiones liberales, especialmente la abogac\u00eda.<\/li>\n<li>Consta de dos modalidades:\n<ul>\n<li><strong>Premio al mejor art\u00edculo<\/strong>, series de art\u00edculos o reportajes de car\u00e1cter informativo o divulgativo publicado en prensa escrita o digital, en publicaciones peri\u00f3dicas y regulares.<\/li>\n<li><strong>Premio a la mejor monograf\u00eda<\/strong><\/li>\n<\/ul>\n<\/li>\n<\/ul>\n<hr \/>\n<h3 style=\"text-align: left;\"><span style=\"color: #66372c;\"><strong>Contacto<\/strong><\/span><\/h3>\n<p><a href=\"mailto:25srp@icab.cat\" target=\"_blank\" rel=\"noopener\">50srp@icab.cat<\/a><\/p>\n<p>Tel. 93 601 12 14, Ext. 5124[\/vc_column_text][\/vc_column][\/vc_row][vc_row][vc_column][om_agenda display_speakers=\u00bb\u00bb description_expand=\u00bbyes\u00bb][om_agenda_day title=\u00bbMARTES\u00bb date=\u00bb03\/02\/2026&#8243;][om_agenda_item icon_fontawesome=\u00bb\u00bb speaker_links=\u00bb\u00bb time=\u00bb18h\u00bb title=\u00bbActo 50 a\u00f1os de colegiaci\u00f3n\u00bb room=\u00bbSal\u00f3n de Actos ICAB\u00bb][\/om_agenda_item][\/om_agenda_day][\/om_agenda][\/vc_column][\/vc_row][vc_row][vc_column][vc_separator color=\u00bbblack\u00bb border_width=\u00bb3&#8243;][\/vc_column][\/vc_row][vc_row][vc_column][vc_column_text]<\/p>\n<h3 style=\"text-align: center;\"><span style=\"color: #66372c;\"><strong>HOMENAJE Y ENTREGA DE DIPLOMAS A LOS COMPA\u00d1EROS Y COMPA\u00d1ERAS QUE HAN CUMPLIDO 25 A\u00d1OS DE COLEGIACI\u00d3N<\/strong><\/span><\/h3>\n<hr \/>\n<p>El Ilustre Colegio de la Abogac\u00eda de Barcelona homenajear\u00e1, asimismo, a aquellos compa\u00f1eros y compa\u00f1eras que celebran los 25 a\u00f1os de colegiaci\u00f3n como antesala de los actos de Sant Raimon 2026.<\/p>\n<p>Los actos se celebrar\u00e1n en <strong>tres sesiones, los d\u00edas 14, 26 y 28 de enero de 2026, a las 16 h, en la Sala de Actos de la sede colegial<\/strong>. Durante las sesiones se har\u00e1 entrega de los diplomas a las personas homenajeadas.<\/p>\n<p>La Coral del ICAB intervendr\u00e1 en la apertura de los actos con dos piezas <em>We are de world<\/em>\u00a0y\u00a0<em>An irish blessing<\/em>.<\/p>\n<p>Asimismo, durante la primera sesi\u00f3n (14 de enero) se realizar\u00e1 la entrega del siguiente Premio:<\/p>\n<ul>\n<li><strong>Premio In Memoriam Juan Carlos El\u00edas.<\/strong> Premio destinado a galardonar la mejor propuesta motivada, en forma de art\u00edculo o no, de mejora en los pactos de las hojas de encargo profesional, la facturaci\u00f3n o minutaci\u00f3n, las tasaciones de costas y juras de cuentas y, en general, los honorarios profesionales de la abogac\u00eda.<\/li>\n<\/ul>\n<p>Durante la segunda sesi\u00f3n (26 de enero) se realizar\u00e1 la entrega de los siguientes Premios:<\/p>\n<ul>\n<li><strong>Premio a la trayectoria en el Periodismo del Sector Legal<\/strong>. Premio destinado a galardonar a profesionales del periodismo que hayan destacado por su trayectoria en la tarea informativa sobre el sector legal y, especialmente, sobre la abogac\u00eda.<\/li>\n<li><strong>Premio Memorial Deg\u00e0 Josep Joan Pint\u00f3 Ruiz<\/strong>. Premio destinado a ayudar a la realizaci\u00f3n de un trabajo sobre un tema de Derecho Civil Catal\u00e1n por parte de abogados y abogadas en ejercicio.<\/li>\n<\/ul>\n<p>Durante la tercera sesi\u00f3n (28 de enero) se realizar\u00e1 la entrega de los siguientes Premios:<\/p>\n<ul>\n<li><strong>Premio Luis del Castillo<\/strong>. Premio destinado a galardonar el mejor proyecto de investigaci\u00f3n sobre Justicia Penal Internacional y Derechos Humanos.<\/li>\n<li><strong>Premio Memorial Pedro Mart\u00edn Garc\u00eda. <\/strong>Premio destinado a galardonar un trabajo o art\u00edculo sobre Derecho Procesal Penal.<\/li>\n<\/ul>\n<hr \/>\n<h3 style=\"text-align: left;\"><span style=\"color: #66372c;\"><strong>Contacto<\/strong><\/span><\/h3>\n<p><a href=\"mailto:25srp@icab.cat\" target=\"_blank\" rel=\"noopener\">25srp@icab.cat<\/a><\/p>\n<p>Tel. 93 601 12 14, Ext. 5124[\/vc_column_text][\/vc_column][\/vc_row][vc_row][vc_column][om_agenda display_speakers=\u00bb\u00bb description_expand=\u00bbyes\u00bb][om_agenda_day title=\u00bbMI\u00c9RCOLES\u00bb date=\u00bb14\/01\/2026&#8243;][om_agenda_item icon_fontawesome=\u00bb\u00bb speaker_links=\u00bb\u00bb time=\u00bb16h\u00bb title=\u00bbActo 25 a\u00f1os de colegiaci\u00f3n (A-F)\u00bb room=\u00bbSal\u00f3n de Actos ICAB\u00bb][\/om_agenda_item][\/om_agenda_day][\/om_agenda][om_agenda display_speakers=\u00bb\u00bb description_expand=\u00bbyes\u00bb][om_agenda_day title=\u00bbNUEVA FECHA \u00b7 LUNES\u00bb date=\u00bb26\/01\/2026&#8243;][om_agenda_item icon_fontawesome=\u00bb\u00bb speaker_links=\u00bb\u00bb time=\u00bb16h\u00bb title=\u00bbActo 25 a\u00f1os de colegiaci\u00f3n (G-N)\u00bb room=\u00bbSal\u00f3n de Actos ICAB\u00bb][\/om_agenda_item][\/om_agenda_day][\/om_agenda][om_agenda display_speakers=\u00bb\u00bb description_expand=\u00bbyes\u00bb][om_agenda_day title=\u00bbMI\u00c9RCOLES\u00bb date=\u00bb28\/01\/2026&#8243;][om_agenda_item icon_fontawesome=\u00bb\u00bb speaker_links=\u00bb\u00bb time=\u00bb16h\u00bb title=\u00bbActo 25 a\u00f1os de colegiaci\u00f3n (O-Z)\u00bb room=\u00bbSal\u00f3n de Actos ICAB\u00bb][\/om_agenda_item][\/om_agenda_day][\/om_agenda][vc_separator color=\u00bbwhite\u00bb border_width=\u00bb10&#8243;][\/vc_column][\/vc_row]<\/p>\n","protected":false},"excerpt":{"rendered":"<p>[vc_row][vc_column][vc_column_text] HOMENAJE Y ENTREGA DE DIPLOMAS A LOS COMPA\u00d1EROS Y COMPA\u00d1ERAS QUE HAN CUMPLIDO 50 A\u00d1OS DE COLEGIACI\u00d3N El Ilustre Colegio de la Abogac\u00eda de&hellip;<\/p>\n<p><a href=\"https:\/\/santraimon.cat\/es\/25anys\/\" class=\"read-more-link\"><span class=\"read-more-icon\"><\/span>Read more<\/a><\/p>\n","protected":false},"author":899,"featured_media":11821,"parent":0,"menu_order":0,"comment_status":"closed","ping_status":"closed","template":"","meta":{"_monsterinsights_skip_tracking":false,"_monsterinsights_sitenote_active":false,"_monsterinsights_sitenote_note":"","_monsterinsights_sitenote_category":0,"footnotes":""},"_links":{"self":[{"href":"https:\/\/santraimon.cat\/es\/wp-json\/wp\/v2\/pages\/910"}],"collection":[{"href":"https:\/\/santraimon.cat\/es\/wp-json\/wp\/v2\/pages"}],"about":[{"href":"https:\/\/santraimon.cat\/es\/wp-json\/wp\/v2\/types\/page"}],"author":[{"embeddable":true,"href":"https:\/\/santraimon.cat\/es\/wp-json\/wp\/v2\/users\/899"}],"replies":[{"embeddable":true,"href":"https:\/\/santraimon.cat\/es\/wp-json\/wp\/v2\/comments?post=910"}],"version-history":[{"count":147,"href":"https:\/\/santraimon.cat\/es\/wp-json\/wp\/v2\/pages\/910\/revisions"}],"predecessor-version":[{"id":11972,"href":"https:\/\/santraimon.cat\/es\/wp-json\/wp\/v2\/pages\/910\/revisions\/11972"}],"wp:featuredmedia":[{"embeddable":true,"href":"https:\/\/santraimon.cat\/es\/wp-json\/wp\/v2\/media\/11821"}],"wp:attachment":[{"href":"https:\/\/santraimon.cat\/es\/wp-json\/wp\/v2\/media?parent=910"}],"curies":[{"name":"wp","href":"https:\/\/api.w.org\/{rel}","templated":true}]}}