{"id":9873,"date":"2025-12-02T08:00:36","date_gmt":"2025-12-02T07:00:36","guid":{"rendered":"https:\/\/santraimon.cat\/concert-solidari-musica-per-ucraina-un-any-despres\/"},"modified":"2026-02-03T12:15:10","modified_gmt":"2026-02-03T11:15:10","slug":"cases-singulars","status":"publish","type":"page","link":"https:\/\/santraimon.cat\/es\/cases-singulars\/","title":{"rendered":"Visitas Cases Singulars"},"content":{"rendered":"<p>[vc_row][vc_column][vc_column_text]<\/p>\n<h3 style=\"text-align: center;\"><strong><span style=\"color: #66372c;\">VISITAS DE CASES SINGULARS: CEMENTERIO DE MONTJU\u00cfC, CASA ROCAMORA Y CASA AMATLLER<\/span><\/strong><\/h3>\n<hr \/>\n<p>El<strong> s\u00e1bado 7 de febrero de 2026<\/strong> tendran lugar diferentes visitas organizadas desde Cases Singulars con acoasi\u00f3n de Sant Raimon de Penyafort. Se visitar\u00e1 el Cementerio de Montju\u00efc, la Casa Rocamora y la Casa Ametller.<\/p>\n<p><strong>Aforo limitado. Imprescindible inscripci\u00f3n previa. Es necesario ser colegiado\/a ICAB.<\/strong><\/p>\n<p><strong><span style=\"color: #66372c;\">CEMENTERIO DE MONTJU\u00cfC (10 h, castellano y 12.30 h, catal\u00e1n). Aforo limitado a 20 personas por visita.\u00a0<\/span><\/strong><\/p>\n<p>Visitaremos el cementerio de Montju\u00efc, que conserva la Capilla-Pante\u00f3n donde est\u00e1 enterrada la familia Amatller. El Pante\u00f3n fue encargado al arquitecto Emili Sala Cort\u00e9s, quien fue el arquitecto de la Casa Batll\u00f3 (1875-1877).<\/p>\n<p style=\"text-align: left;\"><strong><span style=\"color: #66372c;\">CASA ROCAMORA: 11 h (Castellano) y 12 h (catal\u00e1n). Aforo limitado a 20 personas por visita.\u00a0 PLAZAS AGOTADAS<\/span><\/strong><\/p>\n<p>La Casa Rocamora es un palacete isabelino de la segunda mitad del siglo XIX situado en el barrio del Putxet. La casa conserva su aspecto original, distribuida en dos plantas, unas buhardillas y un jard\u00edn.<\/p>\n<p><strong><span style=\"color: #66372c;\">CASA AMATLLER: 11 h (Castellano) y 12 h (catal\u00e1n). Aforo limitado a 20 personas por visita.\u00a0\u00a0<\/span><\/strong><\/p>\n<p>Adem\u00e1s de su esplendor arquitect\u00f3nico exterior, podr\u00e1s descubrir los rincones llenos de car\u00e1cter de su interior, ya que ha sido conservada en su estado original con todo su mobiliario y decoraci\u00f3n de la \u00e9poca. \u00a1No te pierdas este tesoro modernista en el coraz\u00f3n de Barcelona!<\/p>\n<h4 style=\"text-align: left;\"><strong><span style=\"color: #66372c;\">M\u00e1s informaci\u00f3n<\/span><\/strong><\/h4>\n<hr \/>\n<p>Tel. 93 601 12 60<\/p>\n<p><a href=\"mailto:biblioteca@icab.cat\" target=\"_blank\" rel=\"noopener\">biblioteca@icab.cat<\/a>[\/vc_column_text][\/vc_column][\/vc_row][vc_row][vc_column][vc_btn title=\u00bbInscripci\u00f3n cerrada\u00bb color=\u00bbcustom\u00bb size=\u00bbxlg\u00bb align=\u00bbcenter\u00bb i_type=\u00bbentypo\u00bb i_icon_entypo=\u00bbentypo-icon entypo-icon-link\u00bb add_icon=\u00bbtrue\u00bb link=\u00bb||target:%20_blank|\u00bb custom_color=\u00bb#66372c\u00bb][\/vc_column][\/vc_row][vc_row][vc_column][om_agenda display_speakers=\u00bb\u00bb description_expand=\u00bbyes\u00bb][om_agenda_day title=\u00bbS\u00c1BADO\u00bb date=\u00bb07\/02\/2026&#8243;][om_agenda_item icon_fontawesome=\u00bb\u00bb speaker_links=\u00bb\u00bb time=\u00bb10 h (castellano) y 12.30 h (catal\u00e1n)\u00bb title=\u00bbCementerio de Montju\u00efc\u00bb room=\u00bbCalle de la Mare de D\u00e9u de Port, 56&#8243; link=\u00bb|||\u00bb][\/om_agenda_item][\/om_agenda_day][\/om_agenda][om_agenda display_speakers=\u00bb\u00bb description_expand=\u00bbyes\u00bb][om_agenda_day title=\u00bbS\u00c1BADO\u00bb date=\u00bb07\/02\/2026&#8243;][om_agenda_item icon_fontawesome=\u00bb\u00bb speaker_links=\u00bb\u00bb time=\u00bb11 h (castellano) y 12 h (catal\u00e1n)\u00bb title=\u00bbCasa Rocamora (Putxet). PLAZAS AGOTADAS\u00bb room=\u00bbBallester, 12 \u2013 Barcelona\u00bb link=\u00bb||target:%20_blank|\u00bb][\/om_agenda_item][\/om_agenda_day][\/om_agenda][om_agenda display_speakers=\u00bb\u00bb description_expand=\u00bbyes\u00bb][om_agenda_day title=\u00bbS\u00c1BADO\u00bb date=\u00bb07\/02\/2026&#8243;][om_agenda_item icon_fontawesome=\u00bb\u00bb speaker_links=\u00bb\u00bb time=\u00bb11 h (castellano) y 12 h (catal\u00e1n)\u00bb title=\u00bbCasa Museo Amatller\u00bb room=\u00bbPaseo de Gracia, 4&#8243; link=\u00bb||target:%20_blank|\u00bb][\/om_agenda_item][\/om_agenda_day][\/om_agenda][\/vc_column][\/vc_row]<\/p>\n","protected":false},"excerpt":{"rendered":"<p>[vc_row][vc_column][vc_column_text] VISITAS DE CASES SINGULARS: CEMENTERIO DE MONTJU\u00cfC, CASA ROCAMORA Y CASA AMATLLER El s\u00e1bado 7 de febrero de 2026 tendran lugar diferentes visitas organizadas&hellip;<\/p>\n<p><a href=\"https:\/\/santraimon.cat\/es\/cases-singulars\/\" class=\"read-more-link\"><span class=\"read-more-icon\"><\/span>Read more<\/a><\/p>\n","protected":false},"author":899,"featured_media":11821,"parent":0,"menu_order":0,"comment_status":"closed","ping_status":"closed","template":"","meta":{"_monsterinsights_skip_tracking":false,"_monsterinsights_sitenote_active":false,"_monsterinsights_sitenote_note":"","_monsterinsights_sitenote_category":0,"footnotes":""},"_links":{"self":[{"href":"https:\/\/santraimon.cat\/es\/wp-json\/wp\/v2\/pages\/9873"}],"collection":[{"href":"https:\/\/santraimon.cat\/es\/wp-json\/wp\/v2\/pages"}],"about":[{"href":"https:\/\/santraimon.cat\/es\/wp-json\/wp\/v2\/types\/page"}],"author":[{"embeddable":true,"href":"https:\/\/santraimon.cat\/es\/wp-json\/wp\/v2\/users\/899"}],"replies":[{"embeddable":true,"href":"https:\/\/santraimon.cat\/es\/wp-json\/wp\/v2\/comments?post=9873"}],"version-history":[{"count":56,"href":"https:\/\/santraimon.cat\/es\/wp-json\/wp\/v2\/pages\/9873\/revisions"}],"predecessor-version":[{"id":12015,"href":"https:\/\/santraimon.cat\/es\/wp-json\/wp\/v2\/pages\/9873\/revisions\/12015"}],"wp:featuredmedia":[{"embeddable":true,"href":"https:\/\/santraimon.cat\/es\/wp-json\/wp\/v2\/media\/11821"}],"wp:attachment":[{"href":"https:\/\/santraimon.cat\/es\/wp-json\/wp\/v2\/media?parent=9873"}],"curies":[{"name":"wp","href":"https:\/\/api.w.org\/{rel}","templated":true}]}}